{"id":444,"date":"2019-07-25T15:07:12","date_gmt":"2019-07-25T15:07:12","guid":{"rendered":"http:\/\/turhost.erelektronik.com\/?page_id=444"},"modified":"2019-07-25T15:07:12","modified_gmt":"2019-07-25T15:07:12","slug":"ibatech-istanbul-2010-fuar-goruntuleri","status":"publish","type":"page","link":"https:\/\/erelektronik.com\/en\/ibatech-istanbul-2010-fuar-goruntuleri\/","title":{"rendered":"Ibatech Istanbul 2010 Fuar G\u00f6r\u00fcnt\u00fcleri"},"content":{"rendered":"","protected":false},"excerpt":{"rendered":"","protected":false},"author":1,"featured_media":0,"parent":0,"menu_order":0,"comment_status":"closed","ping_status":"closed","template":"","meta":{"footnotes":""},"class_list":["post-444","page","type-page","status-publish","hentry"],"_links":{"self":[{"href":"https:\/\/erelektronik.com\/en\/wp-json\/wp\/v2\/pages\/444","targetHints":{"allow":["GET"]}}],"collection":[{"href":"https:\/\/erelektronik.com\/en\/wp-json\/wp\/v2\/pages"}],"about":[{"href":"https:\/\/erelektronik.com\/en\/wp-json\/wp\/v2\/types\/page"}],"author":[{"embeddable":true,"href":"https:\/\/erelektronik.com\/en\/wp-json\/wp\/v2\/users\/1"}],"replies":[{"embeddable":true,"href":"https:\/\/erelektronik.com\/en\/wp-json\/wp\/v2\/comments?post=444"}],"version-history":[{"count":1,"href":"https:\/\/erelektronik.com\/en\/wp-json\/wp\/v2\/pages\/444\/revisions"}],"predecessor-version":[{"id":451,"href":"https:\/\/erelektronik.com\/en\/wp-json\/wp\/v2\/pages\/444\/revisions\/451"}],"wp:attachment":[{"href":"https:\/\/erelektronik.com\/en\/wp-json\/wp\/v2\/media?parent=444"}],"curies":[{"name":"wp","href":"https:\/\/api.w.org\/{rel}","templated":true}]}}