{"id":399,"date":"2019-07-25T14:51:56","date_gmt":"2019-07-25T14:51:56","guid":{"rendered":"http:\/\/turhost.erelektronik.com\/?page_id=399"},"modified":"2019-07-25T14:51:56","modified_gmt":"2019-07-25T14:51:56","slug":"istanbul-light-2011-fuar-goruntuleri","status":"publish","type":"page","link":"https:\/\/erelektronik.com\/en\/istanbul-light-2011-fuar-goruntuleri\/","title":{"rendered":"\u0130stanbul Light 2011 Fuar G\u00f6r\u00fcnt\u00fcleri"},"content":{"rendered":"","protected":false},"excerpt":{"rendered":"","protected":false},"author":1,"featured_media":0,"parent":0,"menu_order":0,"comment_status":"closed","ping_status":"closed","template":"","meta":{"footnotes":""},"class_list":["post-399","page","type-page","status-publish","hentry"],"_links":{"self":[{"href":"https:\/\/erelektronik.com\/en\/wp-json\/wp\/v2\/pages\/399","targetHints":{"allow":["GET"]}}],"collection":[{"href":"https:\/\/erelektronik.com\/en\/wp-json\/wp\/v2\/pages"}],"about":[{"href":"https:\/\/erelektronik.com\/en\/wp-json\/wp\/v2\/types\/page"}],"author":[{"embeddable":true,"href":"https:\/\/erelektronik.com\/en\/wp-json\/wp\/v2\/users\/1"}],"replies":[{"embeddable":true,"href":"https:\/\/erelektronik.com\/en\/wp-json\/wp\/v2\/comments?post=399"}],"version-history":[{"count":1,"href":"https:\/\/erelektronik.com\/en\/wp-json\/wp\/v2\/pages\/399\/revisions"}],"predecessor-version":[{"id":415,"href":"https:\/\/erelektronik.com\/en\/wp-json\/wp\/v2\/pages\/399\/revisions\/415"}],"wp:attachment":[{"href":"https:\/\/erelektronik.com\/en\/wp-json\/wp\/v2\/media?parent=399"}],"curies":[{"name":"wp","href":"https:\/\/api.w.org\/{rel}","templated":true}]}}