{"id":361,"date":"2019-07-25T14:47:36","date_gmt":"2019-07-25T14:47:36","guid":{"rendered":"http:\/\/turhost.erelektronik.com\/?page_id=361"},"modified":"2019-07-25T14:47:37","modified_gmt":"2019-07-25T14:47:37","slug":"led-led-lighting-2014-fuar-goruntuleri","status":"publish","type":"page","link":"https:\/\/erelektronik.com\/en\/led-led-lighting-2014-fuar-goruntuleri\/","title":{"rendered":"LED &#038; LED Lighting 2014 Fuar G\u00f6r\u00fcnt\u00fcleri"},"content":{"rendered":"","protected":false},"excerpt":{"rendered":"","protected":false},"author":1,"featured_media":0,"parent":0,"menu_order":0,"comment_status":"closed","ping_status":"closed","template":"","meta":{"footnotes":""},"class_list":["post-361","page","type-page","status-publish","hentry"],"_links":{"self":[{"href":"https:\/\/erelektronik.com\/en\/wp-json\/wp\/v2\/pages\/361","targetHints":{"allow":["GET"]}}],"collection":[{"href":"https:\/\/erelektronik.com\/en\/wp-json\/wp\/v2\/pages"}],"about":[{"href":"https:\/\/erelektronik.com\/en\/wp-json\/wp\/v2\/types\/page"}],"author":[{"embeddable":true,"href":"https:\/\/erelektronik.com\/en\/wp-json\/wp\/v2\/users\/1"}],"replies":[{"embeddable":true,"href":"https:\/\/erelektronik.com\/en\/wp-json\/wp\/v2\/comments?post=361"}],"version-history":[{"count":1,"href":"https:\/\/erelektronik.com\/en\/wp-json\/wp\/v2\/pages\/361\/revisions"}],"predecessor-version":[{"id":389,"href":"https:\/\/erelektronik.com\/en\/wp-json\/wp\/v2\/pages\/361\/revisions\/389"}],"wp:attachment":[{"href":"https:\/\/erelektronik.com\/en\/wp-json\/wp\/v2\/media?parent=361"}],"curies":[{"name":"wp","href":"https:\/\/api.w.org\/{rel}","templated":true}]}}