{"id":3,"date":"2019-07-08T21:27:54","date_gmt":"2019-07-08T21:27:54","guid":{"rendered":"http:\/\/turhost.erelektronik.com\/?page_id=3"},"modified":"2019-08-02T19:25:44","modified_gmt":"2019-08-02T19:25:44","slug":"privacy-policy","status":"publish","type":"page","link":"https:\/\/erelektronik.com\/en\/privacy-policy\/","title":{"rendered":"Privacy Policy"},"content":{"rendered":"\n<p><strong>G\u0130ZL\u0130L\u0130K POL\u0130T\u0130KAMIZ<\/strong><\/p>\n\n\n\n<p>Er Elektronik  web sitelerimizi ziyaret eden de\u011ferli ziyaret\u00e7ilerimizin ki\u015fisel gizlilik haklar\u0131n\u0131za sayg\u0131 duymaktad\u0131r ve sitemizde ge\u00e7irdi\u011finiz zaman zarf\u0131nda  ki\u015fisel gizlilik haklar\u0131n\u0131n korunmas\u0131n\u0131 sa\u011flamaya \u00e7al\u0131\u015f\u0131r. Bu Gizlilik Politikas\u0131 hangi verileri neden toplad\u0131\u011f\u0131m\u0131z\u0131 ve bu verilerle ne yapt\u0131\u011f\u0131m\u0131z\u0131 anlaman\u0131za yard\u0131mc\u0131 olmay\u0131 ama\u00e7lamaktad\u0131r. \u0130\u015fbu Gizlilik Politikas\u0131 bilgi uygulamalar\u0131m\u0131zla ilgili genel bilgiler vermektedir. Gizlilik Politikas\u0131 bu Politikaya at\u0131fta bulunan web siteleri ve hizmetlerimiz i\u00e7in ge\u00e7erlidir.<\/p>\n\n\n\n<p>\u0130\u015fbu Gizlilik Politikas\u0131 metni bilgi g\u00fcvenli\u011fi ile ilgili sizi bilgilendirmek ve uyulmas\u0131 gereken kurallar ile sorumluluklar\u0131 a\u00e7\u0131klamak \u00fczere haz\u0131rlanm\u0131\u015ft\u0131r. T\u00fcm Hizmetlerimiz i\u00e7in ge\u00e7erli olmakla birlikte, belirli Hizmetlere y\u00f6nelik uygulamalar\u0131m\u0131z hakk\u0131nda ek bilgiler i\u00e7eren baz\u0131 destekleyici dok\u00fcmanlar da temin etmi\u015f bulunmaktay\u0131z. Bu dok\u00fcmanlar i\u00e7eriklerinde yer alan Hizmetleri kullanma s\u00fcrecinize uygulan\u0131r.<\/p>\n\n\n\n<p>Gizlilik Politikas\u0131, Hizmetlerimize nas\u0131l eri\u015fti\u011finize (bilgisayar, cep telefonu, tablet, TV veya di\u011fer yollar gibi) bak\u0131lmaks\u0131z\u0131n uygulanacakt\u0131r. Hizmetlerimizi her kulland\u0131\u011f\u0131n\u0131zda Gizlilik Politikas\u0131 kabul edece\u011finiz i\u00e7in, Gizlilik Politikas\u0131n\u0131 dikkatli bir \u015fekilde okuman\u0131z\u0131 \u00f6neririz. Gizlilik Politikas\u0131nda a\u00e7\u0131klanan uygulamalar\u0131 kabul etmemeniz halinde, Hizmetlerimizi kullanmaman\u0131z\u0131 \u00f6neririz.<\/p>\n\n\n\n<p>\u0130\u015fbu Gizlilik Politikas\u0131\u00b4na ili\u015fkin olas\u0131 de\u011fi\u015fiklikler bu sayfada yay\u0131mlanacakt\u0131r. Bu \u00e7er\u00e7evede, size ait hangi bilgilerin sakland\u0131\u011f\u0131na ve bu bilgilerin nas\u0131l kullan\u0131ld\u0131\u011f\u0131na dair g\u00fcncel olarak bilgi alman\u0131za olanak sa\u011flanacakt\u0131r.<\/p>\n\n\n\n<p><strong>Toplanan Bilgiler<\/strong><\/p>\n\n\n\n<p><strong>Do\u011frudan sa\u011flad\u0131\u011f\u0131n\u0131z bilgiler<\/strong><\/p>\n\n\n\n<p>Hesap veya profil olu\u015fturman\u0131za izin veren baz\u0131 hizmetlerimiz. e-posta adresiniz, teslimat adresiniz, telefon numaran\u0131z, \u00fcr\u00fcn bilgileri, sat\u0131n alma tarihi gibi gerekli hesap bilgilerinizi vermenizi isteyebiliriz. Baz\u0131 hizmetlerimiz bilgileri iletmenize ve di\u011fer insanlarla payla\u015fman\u0131za olanak sa\u011flamaktad\u0131r. Bu ileti\u015fim ve payla\u015f\u0131lan bilgiler g\u00fcvenli ve emniyetli \u015fekilde y\u00fcr\u00fct\u00fclecektir.<\/p>\n\n\n\n<p><strong>\u00d6rne\u011fin<\/strong>:<\/p>\n\n\n\n<p>Hesap veya profil olu\u015fturman\u0131za izin veren baz\u0131 hizmetlerimiz. Sizden bu Hizmetler ile ba\u011flant\u0131l\u0131 olarak, hesap veya profil olu\u015fturmak i\u00e7in sizden kendiniz hakk\u0131nda ileti\u015fim bilgileri ve ki\u015fisel bilgiler gibi baz\u0131 bilgiler vermenizi isteyebiliriz. \u00d6rne\u011fin, ilgili bir hesap olu\u015fturdu\u011funuzda bizimle irtibat kurman\u0131z yahut \u00e7evrimi\u00e7i bir ankete kat\u0131lman\u0131z gibi hallerde ad\u0131n\u0131z ve e-posta adresiniz gibi kendiniz hakk\u0131nda baz\u0131 bilgiler verebilirsiniz.<\/p>\n\n\n\n<p>\u0130\u015f ba\u015fvuru formu, Sosyal sorumluluk formu, bayi ve servis ba\u015fvuru formlar\u0131 ve e-b\u00fclten \u00fcyeli\u011fi formlar\u0131nda ad, soyad, adres, telefon, e-posta adresi gibi ki\u015fisel bilgiler e\u011fitim d\u00fczeyi, mezun oldu\u011fu okullar gibi doldurulan formun amac\u0131na uygun olacak \u015fekilde e\u011fitim, i\u015f tecr\u00fcbesi, ileti\u015fim vb. bilgilerinizi talep ederiz.<\/p>\n\n\n\n<p>Bizden bir \u00fcr\u00fcn sipari\u015f etti\u011finizde, sipari\u015finizi i\u015fleme alabilmemiz i\u00e7in sizden ad\u0131n\u0131z\u0131, ileti\u015fim bilgilerinizi, g\u00f6nderi ve fatura adres(ler)inizi, ve kredi kart\u0131 bilgilerinizi talep edebiliriz. ( Kredi kart\u0131 bilgileriniz do\u011frudan Er Elektronik\u2019 ya ait web site ve portallar\u0131 \u00fczerinden de\u011fil ilgili bankalara ait web sayfalar\u0131 \u00fczerinden iletilmektedir. Er Elektronik, kredi kart\u0131 bilgilerinize eri\u015femez, depolayamaz. 3D Secure Sanal Pos sistemi kullan\u0131lmaktad\u0131r. )<\/p>\n\n\n\n<p>\u0130nternet sitesi i\u00e7eri\u011fini U\u011fur \u00fcr\u00fcnlerini kullanarak 3. ki\u015filerle payla\u015ft\u0131\u011f\u0131n\u0131zda, hediye \u00e7ekleri ve \u00fcr\u00fcnler g\u00f6nderdi\u011finizde ya da ba\u015fkalar\u0131n\u0131 U\u011fur hizmetleri veya forumlar\u0131nda size kat\u0131lmaya davet etti\u011finizde, U\u011fur bu insanlar ile ilgili vermi\u015f oldu\u011funuz ad, posta adresi, e-posta adresi ve telefon numaras\u0131 gibi bilgileri toplayabilir. U\u011fur taleplerinizi yerine getirmek, ilgili \u00fcr\u00fcn ve hizmetleri sa\u011flamak veya doland\u0131r\u0131c\u0131l\u0131\u011f\u0131n \u00f6nlenmesi amac\u0131yla bu bilgileri kullan\u0131r.<\/p>\n\n\n\n<p><strong>\u00dc\u00e7\u00fcnc\u00fc taraf kaynaklardan al\u0131nan bilgiler<\/strong><\/p>\n\n\n\n<p>Hakk\u0131n\u0131zda (kanunlar taraf\u0131ndan izin verilen \u00f6l\u00e7\u00fcde) halka a\u00e7\u0131k ve ticari kaynaklardan bilgi alabilir ve bu bilgileri sizden veya hakk\u0131n\u0131zda ald\u0131\u011f\u0131m\u0131z di\u011fer bilgilerle birle\u015ftirebiliriz. Ayr\u0131ca, \u00fc\u00e7\u00fcnc\u00fc taraf sosyal a\u011f hizmetleri ile ba\u011flanman\u0131z halinde, hakk\u0131n\u0131zda bu sosyal payla\u015f\u0131m siteleri \u00fczerinden de bilgi alabiliriz.<\/p>\n\n\n\n<p>Cihaza \u00f6zel bilgiler toplar\u0131z (\u00f6rne\u011fin, donan\u0131m modeli, i\u015fletim sistemi s\u00fcr\u00fcm\u00fc, cihaz\u0131n benzersiz tan\u0131t\u0131c\u0131lar\u0131 ve telefon numaras\u0131 dahil mobil a\u011f bilgileri gibi). 3. parti analitik servisleri \u00fczerinden toplanan bilgilerde cihaz\u0131n\u0131z\u0131n tan\u0131t\u0131c\u0131lar\u0131n\u0131 veya telefon numaran\u0131z\u0131 e\u011fer var ise 3. Parti hizmet sa\u011flay\u0131c\u0131 hesab\u0131n\u0131zla ili\u015fkilendirebilir.<br>\nKay\u0131t bilgileri\u2014Hizmetleri kullan\u0131m zaman\u0131n\u0131z ve s\u00fcreniz, Hizmetler yoluyla girdi\u011finiz arama sorgulama terimleri ve cihaz\u0131n\u0131z \u00fczerine yerle\u015ftirdi\u011fimiz \u00e7erezler i\u00e7inde saklanan her t\u00fcrl\u00fc bilgi gibi.<br>\nKonum bilgileri\u2014 3. Parti hizmet sa\u011flay\u0131c\u0131 hizmetlerini kulland\u0131\u011f\u0131n\u0131zda, ger\u00e7ek konumunuz hakk\u0131nda bilgiler toplayabilir ve bunlar\u0131 i\u015fleyebiliriz. Konum belirlemek i\u00e7in, IP adresi ve GPS&#8217;in yan\u0131 s\u0131ra yak\u0131ndaki cihazlar, Kablosuz eri\u015fim noktalar\u0131 ve baz istasyonlar\u0131 hakk\u0131nda U\u011fur\u2019a bilgi sa\u011flayabilecek di\u011fer sens\u00f6r verileri gibi \u00e7e\u015fitli teknolojileri de kullanabiliriz.<br>\nDi\u011fer bilgiler-  Kulland\u0131\u011f\u0131n\u0131z uygulamalar, ziyaret etti\u011finiz web siteleri ve Hizmetler yoluyla teklif edilen i\u00e7eriklerle nas\u0131l etkile\u015fimde bulundu\u011funuz gibi, Hizmetleri kullan\u0131m\u0131n\u0131za ili\u015fkin di\u011fer bilgiler.<\/p>\n\n\n\n<p>Ayr\u0131ca, web hizmetleri kullan\u0131m\u0131n\u0131z hakk\u0131nda sizlere bilgi toplama an\u0131nda a\u00e7\u0131klad\u0131\u011f\u0131m\u0131z \u015fekillerde veya onay\u0131n\u0131zla, di\u011fer bilgiler de toplayabiliriz.<\/p>\n\n\n\n<p><strong>Bilgi Kullan\u0131m Ama\u00e7lar\u0131<\/strong><\/p>\n\n\n\n<p>Toplad\u0131\u011f\u0131m\u0131z bilgileri a\u015fa\u011f\u0131daki ama\u00e7larla kullanabiliriz:<\/p>\n\n\n\n<p>Toplad\u0131\u011f\u0131m\u0131z ki\u015fisel bilgiler ile sizi U\u011fur&#8217;un son \u00fcr\u00fcn duyurular\u0131 ve yakla\u015fan etkinlikleri hakk\u0131nda bilgilendirmek, sizi veya cihaz\u0131n\u0131z\u0131 bir Hizmet i\u00e7in kaydetmek;<\/p>\n\n\n\n<p>Hizmetlerimiz ile ilgili ge\u00e7mi\u015f deneyimlerinize dayal\u0131 \u00f6zelle\u015ftirilmi\u015f i\u00e7erik sa\u011flamak ve tavsiyelerde bulunmak;<\/p>\n\n\n\n<ol class=\"wp-block-list\"><li>parti hizmet sa\u011flay\u0131c\u0131 servisleri \u00fczerinden \u00f6zelle\u015ftirilmi\u015f reklamlar ve sponsorlu i\u00e7erik gibi reklamlar vermek ve size promosyon ama\u00e7l\u0131 bildirimler g\u00f6ndermek;<\/li><\/ol>\n\n\n\n<p>Pazar\u0131m\u0131z\u0131n, m\u00fc\u015fterilerimizin, \u00fcr\u00fcnlerimizin ve hizmetlerimizin de\u011ferlendirmesini ve analizini yapmak (\u00fcr\u00fcn ve hizmetlerimizle ilgili g\u00f6r\u00fc\u015flerinizi almak ve m\u00fc\u015fteri anketleri yapmak dahil);<\/p>\n\n\n\n<p>Hizmetlerimizi iyile\u015ftirebilmemiz ve yeni \u00fcr\u00fcn ve hizmetler geli\u015ftirebilmemiz i\u00e7in kullan\u0131c\u0131lar\u0131n Hizmetlerimizi kullanma \u015feklini \u00f6\u011frenmek;<\/p>\n\n\n\n<p>Kanunlar taraf\u0131ndan izin verilen \u00f6l\u00e7\u00fcde, \u00fccretsiz \u00f6d\u00fcl \u00e7ekili\u015fleri, \u00f6d\u00fcl yar\u0131\u015fmalar\u0131 veya promosyonlar d\u00fczenlemek;<\/p>\n\n\n\n<p>Ki\u015fisel bilgileri \u00fcr\u00fcn, hizmet, i\u00e7erik ve reklamlar\u0131m\u0131z\u0131n olu\u015fturulmas\u0131na, geli\u015ftirilmesine, kullan\u0131lmas\u0131na, sunulmas\u0131na ve iyile\u015ftirilmesine yard\u0131mc\u0131 olmas\u0131n\u0131n yan\u0131 s\u0131ra, kay\u0131p ve doland\u0131r\u0131c\u0131l\u0131\u011f\u0131n \u00f6nlenmesi amac\u0131yla kullanmak.<\/p>\n\n\n\n<p>Ki\u015fisel bilgilerinizi sat\u0131n almalar hakk\u0131ndaki ileti\u015fimler ve ko\u015fullar, \u015fartlar ve politikalara ili\u015fkin de\u011fi\u015fiklikler gibi \u00f6nemli bildirimleri g\u00f6ndermek i\u00e7in kullanmak; \u0130\u015fbu bilgi Er Elektronik ile etkile\u015fiminiz i\u00e7in \u00f6nemli oldu\u011fundan s\u00f6z konusu ileti\u015fimleri almaktan vazge\u00e7meyebilirsiniz.<\/p>\n\n\n\n<p>Ki\u015fisel bilgileri, Er Elektronik \u00fcr\u00fcnlerini, hizmetlerini ve m\u00fc\u015fteri bildirimlerini geli\u015ftirmek i\u00e7in denetim, veri analizi ve ara\u015ft\u0131rma gibi d\u00e2hili ama\u00e7lar i\u00e7in kullanmak.<\/p>\n\n\n\n<p>T\u00fcm hizmetlerimizden toplad\u0131\u011f\u0131m\u0131z bilgileri, hizmetlerimizi sunmak, s\u00fcrd\u00fcrmek, korumak ve iyile\u015ftirmek, yeni hizmetler geli\u015ftirmek i\u00e7in kullan\u0131r\u0131z. Bu bilgileri ayr\u0131ca, 3. parti hizmet sa\u011flay\u0131c\u0131lar \u00fczerinden size daha uygun arama sonu\u00e7lar\u0131 ve reklamlar sunmak gibi size \u00f6zel i\u00e7erikler sa\u011flamak i\u00e7in de kullan\u0131l\u0131r.<\/p>\n\n\n\n<p><strong>Bilgi Payla\u015f\u0131m\u0131<\/strong><\/p>\n\n\n\n<p>Bilgilerinizi sizin onay\u0131n\u0131z olmadan \u00fc\u00e7\u00fcnc\u00fc taraflara pazarlama ve ticari ama\u00e7l\u0131 olarak payla\u015fm\u0131yoruz. Bununla birlikte, bilgilerinizi a\u015fa\u011f\u0131daki kanallar\u0131m\u0131z ile payla\u015fabiliriz :<\/p>\n\n\n\n<p>Bilgileriniz Er Elektronik i\u015ftirakleri aras\u0131nda payla\u015f\u0131lacakt\u0131r.<br>\nVergi dan\u0131\u015fmanlar\u0131, denet\u00e7ileri ve di\u011fer harici profesyonel dan\u0131\u015fmanlar,<br>\n\u015eirket\u2019in veya \u015eirketin i\u015fletmesinin bir k\u0131sm\u0131 ya da tamam\u0131n\u0131n potansiyel al\u0131c\u0131 veya yat\u0131r\u0131mc\u0131lar\u0131<br>\nBilgi sistemleri hizmet sa\u011flay\u0131c\u0131lar\u0131, m\u00fc\u015fteri memnuniyeti odakl\u0131 pazarlama programlar\u0131 gibi  U\u011fur\u2019a \u00fcr\u00fcn veya hizmet sa\u011flayan belirli \u00fc\u00e7\u00fcnc\u00fc taraflar\u0131n \u00f6zel teklifleri ve hizmetleri hakk\u0131nda sizi bilgilendirmek i\u00e7in.<br>\n\u00dcyelik S\u00f6zle\u015fmesi kapsam\u0131nda belirtilen hizmet ve faaliyetler i\u00e7in i\u015fbirli\u011fi yap\u0131lan \u015firket ve organizasyonlar.<br>\nHizmet Sa\u011flayabilece\u011fimiz durumlarda; \u0130\u015f Ortaklar\u0131, bayiler, servisler di\u011fer temsilci ve acentelikler.<br>\nKanunen Zorunlu K\u0131l\u0131nan Durumlarda veya Hizmetlerimizi Korumak Amac\u0131yla Di\u011fer Taraflar. A\u015fa\u011f\u0131daki ama\u00e7larla bilgilerinizi ba\u015fka taraflara if\u015fa edebiliriz:<br>\nKanunlara uymak veya zorunlu yasal s\u00fcre\u00e7lere cevap vermek (arama emri veya sair mahkeme karar\u0131 gibi);<br>\nHizmetlerimizin tabi oldu\u011fu politikalar\u0131 do\u011frulamak veya bu politikalara uygunlu\u011fu sa\u011flamak;<br>\nEr Elektronik\u2019in veya t\u00fcm i\u015ftiraklerimizin, i\u015f ortaklar\u0131m\u0131z\u0131n veya m\u00fc\u015fterilerimizin haklar\u0131n\u0131, mallar\u0131n\u0131 veya g\u00fcvenliklerini korumak<br>\nKurumsal \u0130\u015flemlerle Ba\u011flant\u0131l\u0131 Di\u011fer Taraflar. Birle\u015fme, devir veya iflas halinde bilgilerinizi \u00fc\u00e7\u00fcnc\u00fc taraflara if\u015fa edebiliriz.<br>\nOnay\u0131n\u0131z ile ve Kendi Takdirinize Ba\u011fl\u0131 Olarak, Di\u011fer Taraflar. \u0130\u015fbu Gizlilik Politikas\u0131nda a\u00e7\u0131klanan if\u015fa hallerine ek olarak, hakk\u0131n\u0131zdaki bilgileri \u00fc\u00e7\u00fcnc\u00fc taraflarla onay\u0131n\u0131z ile veya talep etmeniz halinde payla\u015fabiliriz.<\/p>\n\n\n\n<p><strong>Bilgi G\u00fcvenli\u011fi<\/strong><\/p>\n\n\n\n<p>Hizmetler ile ilgili olarak toplad\u0131\u011f\u0131m\u0131z bilgileri korumak i\u00e7in makul fiziksel ve teknik tedbirleri hayata ge\u00e7irmi\u015f bulunuyoruz. Bununla birlikte, bilgilerinizi korumak i\u00e7in her ne kadar makul tedbirler alsak da, hi\u00e7bir web sitesinin, \u0130nternet iletiminin, bilgisayar sisteminin veya kablosuz ba\u011flant\u0131n\u0131n tamamen g\u00fcvenli olmad\u0131\u011f\u0131n\u0131 l\u00fctfen unutmay\u0131n\u0131z.<\/p>\n\n\n\n<p>U\u011fur\u00b4un, gerekli hizmeti size ula\u015ft\u0131rmak i\u00e7in bilgilerinize eri\u015fimi olan s\u00f6zle\u015fmesel ortaklar\u0131, s\u00f6zle\u015fmesel y\u00fck\u00fcml\u00fcl\u00fckleri \u00e7er\u00e7evesinde bu bilgileri gizli tutmak ve yukar\u0131da belirtilen ama\u00e7lar d\u0131\u015f\u0131nda onay\u0131n\u0131z olmadan kullanmamakla y\u00fck\u00fcml\u00fcd\u00fcr. Baz\u0131 durumlarda ki\u015fisel bilgilerinizin U\u011fur ba\u011fl\u0131 \u015firketleriyle payla\u015f\u0131lmas\u0131 gerekecektir. Bu durumlarda da bilgileriniz gizli addedilecektir.<\/p>\n\n\n\n<p><strong>Bilgilerin Saklanmas\u0131<\/strong><\/p>\n\n\n\n<p>Sizinle ilgili bilgileri yaln\u0131zca toplanma amac\u0131 i\u00e7in gerekli olmas\u0131 veya her t\u00fcrl\u00fc s\u00f6zle\u015fme veya y\u00fcr\u00fcrl\u00fckteki kanunlar taraf\u0131ndan zorunlu k\u0131l\u0131nmas\u0131 \u00f6l\u00e7\u00fcs\u00fcnde saklamak i\u00e7in t\u00fcm makul tedbirleri al\u0131yoruz. Kanun icab\u0131 daha uzun bir saklama s\u00fcresinin gerekli k\u0131l\u0131nmad\u0131\u011f\u0131 ya da buna izin verilmedi\u011fi takdirde ki\u015fisel bilgilerinizi i\u015fbu Gizlilik Politikas\u0131nda \u00f6zetlenen ama\u00e7lar\u0131 yerine getirmek \u00fczere gerekli olan s\u00fcre boyunca saklayaca\u011f\u0131z.<\/p>\n\n\n\n<p><strong>Hizmetlerimiz ve \u00dc\u00e7\u00fcnc\u00fc Taraflar<\/strong><\/p>\n\n\n\n<p>Hizmetlerimizle \u0130lgili \u0130\u00e7erik, Reklam veya \u0130\u015flevsellik Sa\u011flayan \u00dc\u00e7\u00fcnc\u00fc Taraflar<\/p>\n\n\n\n<p>Baz\u0131 \u00fc\u00e7\u00fcnc\u00fc taraflar reklam verebilirler veya kullan\u0131c\u0131lar\u0131n hangi reklamlar\u0131 g\u00f6rd\u00fcklerinin, bu reklamlar\u0131 ne s\u0131kl\u0131kla g\u00f6rd\u00fcklerinin ve s\u00f6z konusu reklamlara ne tepki verdiklerinin kayd\u0131n\u0131 tutabilirler ve<br>Hizmetler ile ilgili baz\u0131 materyalleri Facebook, Twitter, Google + ve LinkedIn gibi sosyal payla\u015f\u0131m siteleri \u00fczerinden ba\u015fkalar\u0131yla payla\u015fman\u0131z\u0131 sa\u011fl\u0131yoruz.<\/p>\n\n\n\n<p>Bu \u00fc\u00e7\u00fcnc\u00fc taraflar, \u00e7erezler, web i\u015faretleri ve benzer teknolojilerin kullan\u0131m\u0131 yoluyla dahil, Hizmetleri kullan\u0131m\u0131n\u0131za ili\u015fkin baz\u0131 bilgiler toplayabilirler veya alabilirler ve bu bilgiler zaman i\u00e7inde toplanarak farkl\u0131 web sitelerinden ve \u00e7evrimi\u00e7i hizmetlerden toplanan bilgilerle birle\u015ftirilebilir.<\/p>\n\n\n\n<p>Sosyal a\u011f hizmeti ile ba\u011flan\u0131yorsan\u0131z, oturum a\u00e7man\u0131z\u0131 sa\u011flamak i\u00e7in o hizmetten kimlik do\u011frulama bilgilerinizi ve bu hizmetlere ba\u011fland\u0131\u011f\u0131n\u0131zda almam\u0131za izin verdi\u011finiz di\u011fer bilgileri alabilir ve saklayabiliriz.<\/p>\n\n\n\n<p>Ayr\u0131ca, sizden ba\u015fka di\u011fer ki\u015filer taraf\u0131ndan kullan\u0131lan bir cihaz \u00fczerinden herhangi bir sosyal a\u011f hizmeti ile ba\u011flanmay\u0131 se\u00e7erseniz, bu di\u011fer ki\u015filerin ba\u011fland\u0131\u011f\u0131n\u0131z Sosyal a\u011f hizmet(ler)i \u00fczerinde hesab\u0131n\u0131z ile ilgili olarak saklanan veya g\u00f6r\u00fcnt\u00fclenen bilgileri g\u00f6rebileceklerini l\u00fctfen unutmay\u0131n\u0131z.<\/p>\n\n\n\n<p><strong>\u00c7erezler ve Alg\u0131lama Teknolojileri<\/strong><\/p>\n\n\n\n<p>Biz ve Hizmetler ile ilgili i\u00e7erik, reklam veya sair i\u015flevsellikler sa\u011flayan \u00fc\u00e7\u00fcnc\u00fc taraflar Hizmetlerimizin belli alanlar\u0131nda \u00c7erezler, Web \u0130\u015faret\u00e7ileri ve Benzeri Teknolojiler kullanabiliriz.<\/p>\n\n\n\n<p><strong>\u00c7erezler<\/strong><\/p>\n\n\n\n<p>\u00c7erezler bilgisayar\u0131n\u0131zda, cep telefonunda veya sair cihazlarda bilgi saklayan k\u00fc\u00e7\u00fck dosyalard\u0131r. Cihaz\u0131n\u0131za \u00e7erez yerle\u015ftiren i\u015fletmenin sizi farkl\u0131 web siteleri, hizmetler ve\/veya tarama oturumlar\u0131 \u00fczerinden tan\u0131mas\u0131n\u0131 sa\u011flar. \u00c7erezler bir\u00e7ok ama\u00e7la kullan\u0131labilir. \u00d6rne\u011fin:<\/p>\n\n\n\n<p>\u00c7erezler oturum a\u00e7ma bilgilerinizi hat\u0131rlarlar, dolay\u0131s\u0131yla bir hizmet \u00fczerinde her oturum a\u00e7t\u0131\u011f\u0131n\u0131zda ayn\u0131 bilgileri tekrar girmeniz gerekmez.<br>\n\u00c7erezler ziyaret\u00e7ilerin hangi sayfalara ve \u00f6zelliklere eri\u015fim yapt\u0131klar\u0131n\u0131 ve bu sayfalarda ne kadar zaman ge\u00e7irdiklerini g\u00f6rmemize yard\u0131mc\u0131 olduklar\u0131ndan, bizim ve \u00fc\u00e7\u00fcnc\u00fc taraflar\u0131n Hizmetlerimizin hangi b\u00f6l\u00fcmlerinin en pop\u00fcler oldu\u011funu anlamam\u0131za yard\u0131mc\u0131 olurlar. Bu tip bilgileri inceleyerek Hizmetleri daha iyi uyarlayabilir ve size daha geli\u015fmi\u015f bir deneyim sunabiliriz.<br>\n\u00c7erezler Hizmetlere her eri\u015fim yapt\u0131\u011f\u0131n\u0131zda kar\u015f\u0131n\u0131za ayn\u0131 reklam\u0131n \u00e7\u0131kmamas\u0131 i\u00e7in bizim ve \u00fc\u00e7\u00fcnc\u00fc taraflar\u0131n hangi reklamlar\u0131 g\u00f6rd\u00fc\u011f\u00fcn\u00fcz\u00fc anlamam\u0131za yard\u0131mc\u0131 olurlar.<br>\n\u00c7erezler bizim ve \u00fc\u00e7\u00fcnc\u00fc taraflar\u0131n Hizmetleri ve di\u011fer web sitelerini ve uygulamalar\u0131 kullan\u0131m\u0131n\u0131zla ilgili bilgiler toplayarak size en do\u011fru i\u00e7erikleri ve reklamlar\u0131 sunmam\u0131za yard\u0131mc\u0131 olurlar.<\/p>\n\n\n\n<p>Hizmetlere eri\u015fmek i\u00e7in bir web taray\u0131c\u0131s\u0131 kulland\u0131\u011f\u0131n\u0131zda, taray\u0131c\u0131n\u0131z\u0131 t\u00fcm \u00e7erezleri kabul et, t\u00fcm \u00e7erezleri reddet veya \u00e7erez g\u00f6nderildi\u011finde beni bilgilendir \u015feklinde yap\u0131land\u0131rabilirsiniz.<\/p>\n\n\n\n<p>Yine de baz\u0131 Hizmetlerin \u00e7erez kullanarak \u00e7al\u0131\u015facak \u015fekilde tasarlanm\u0131\u015f olabileceklerini ve \u00e7erezleri etkisizle\u015ftirmenin bu Hizmetleri veya belli b\u00f6l\u00fcmlerini kullanma becerinizi etkileyebilece\u011fini unutmay\u0131n\u0131z.<\/p>\n\n\n\n<p><strong>Di\u011fer Bilgi Saklama \u00d6\u011feleri<\/strong><\/p>\n\n\n\n<p>Biz, baz\u0131 \u00fc\u00e7\u00fcnc\u00fc taraflarla birlikte, Hizmetlerimiz ile ba\u011flant\u0131l\u0131 olarak Yerel Payla\u015f\u0131ml\u0131 Nesneler (Fla\u015f \u00c7erezler olarak da bilinirler) ve HTML5 yerel saklama gibi ba\u015fka t\u00fcrde yerel saklama teknolojileri de kullanabiliriz. Bu teknolojiler, cihaz\u0131n\u0131zda saklanmalar\u0131 ve faaliyetleriniz ve tercihleriniz ile ilgili baz\u0131 bilgileri saklamak amac\u0131yla kullanabilmeleri a\u00e7\u0131s\u0131ndan yukar\u0131da a\u00e7\u0131klanan \u00e7erezlerle benzerlik g\u00f6sterirler. Bununla birlikte, bu teknolojiler standart \u00e7erezlere k\u0131yasla cihaz\u0131n\u0131z\u0131n farkl\u0131 b\u00f6l\u00fcmlerinden yararlanabildikleri i\u00e7in, standart tarama ara\u00e7lar\u0131 ve ayarlar\u0131n\u0131 kullanarak onlar\u0131 kontrol edemeyebilirsiniz.<\/p>\n\n\n\n<p><strong>Alg\u0131lama \u00d6\u011feleri<\/strong><\/p>\n\n\n\n<p>Biz, baz\u0131 \u00fc\u00e7\u00fcnc\u00fc taraflarla birlikte, cihaz\u0131n\u0131zdaki bilgileri sunucuya ileten ve Web \u0130\u015faret\u00e7ileri (veya \u201cpiksel etiketleri\u201d) olarak bilinen teknolojileri de kullanabiliriz. Web \u0130\u015faret\u00e7ileri \u00e7evrimi\u00e7i i\u00e7erikler, videolar ve e-postalar i\u00e7ine g\u00f6m\u00fclebilir ve bir sunucunun cihaz\u0131n\u0131zdaki belli tip bilgileri okumas\u0131n\u0131, belli bir i\u00e7eri\u011fi veya \u00f6zel bir e-posta mesaj\u0131n\u0131 ne zaman g\u00f6r\u00fcnt\u00fcledi\u011finizi bilmesini ve web i\u015faret\u00e7isini g\u00f6r\u00fcnt\u00fcledi\u011finiz zaman\u0131 ve tarihi ve cihaz\u0131n\u0131z\u0131n IP adresini belirlemesini sa\u011flayabilir. Bizler ve baz\u0131 \u00fc\u00e7\u00fcnc\u00fc taraflar Hizmetlerimizin kullan\u0131m\u0131n\u0131 analiz etmek ve (\u00e7erezlerle ba\u011flant\u0131l\u0131 olarak) sizi daha \u00e7ok ilgilendirebilecek i\u00e7erik ve reklamlar sa\u011flamak d\u00e2hil olmak \u00fczere, web i\u015faretlerini \u00e7ok \u00e7e\u015fitli ama\u00e7larla kullan\u0131yoruz.<\/p>\n\n\n\n<p>Hizmetlerimize eri\u015fim sa\u011flayarak ve Hizmetlerimizi kullanarak, cihazlar\u0131n\u0131zda \u00e7erezlerin, di\u011fer yerel saklama teknolojilerinin, web i\u015faretlerinin ve di\u011fer bilgilerin saklanmas\u0131na ve ayr\u0131ca s\u00f6z konusu \u00e7erezlere, di\u011fer yerel saklama teknolojilerine, web i\u015faret\u00e7ilerine ve di\u011fer bilgilere taraf\u0131m\u0131zca ve yukar\u0131da belirtilen \u00fc\u00e7\u00fcnc\u00fc taraflarca eri\u015fim sa\u011flanmas\u0131na onay veriyorsunuz. Bu sebeple gizlilik politikas\u0131n\u0131n taraf\u0131n\u0131zca dikkatle okunmas\u0131n\u0131 tavsiye ederiz. Burada yazan bilgiler kapsam\u0131nda yap\u0131lacak i\u015f ve i\u015flemlere taraf\u0131n\u0131zca onay verilmi\u015f olaca\u011f\u0131ndan U\u011fur\u2019un herhangi bir sorumlulu\u011fu do\u011fmayacakt\u0131r.<\/p>\n\n\n\n<p><strong>\u0130leti\u015fim ve Bilgilendirme<\/strong><\/p>\n\n\n\n<p>Her t\u00fcrl\u00fc sorunuz i\u00e7in l\u00fctfen bizimle a\u015fa\u011f\u0131daki adresten ileti\u015fime ge\u00e7iniz:<\/p>\n\n\n\n<figure class=\"wp-block-embed\"><div class=\"wp-block-embed__wrapper\">\nhttps:\/\/erelektronik.com\/iletisim\n<\/div><\/figure>\n\n\n\n<p>Er Elektronik Sanayi ve Ticaret Anonim \u015eirketi<\/p>\n\n\n\n<p>Had\u0131mk\u00f6y Mah. Mustafa \u0130nan Cad. No:39\/1 Had\u0131mk\u00f6y 34555&nbsp;\u0130stanbul, Turkey<br>Tel :&nbsp;0 850 217 19 41<br> Faks : +90 212 238 74 21 <\/p>\n","protected":false},"excerpt":{"rendered":"<p>G\u0130ZL\u0130L\u0130K POL\u0130T\u0130KAMIZ Er Elektronik web sitelerimizi ziyaret eden de\u011ferli ziyaret\u00e7ilerimizin ki\u015fisel gizlilik haklar\u0131n\u0131za sayg\u0131 duymaktad\u0131r ve sitemizde ge\u00e7irdi\u011finiz zaman zarf\u0131nda ki\u015fisel gizlilik haklar\u0131n\u0131n korunmas\u0131n\u0131 sa\u011flamaya \u00e7al\u0131\u015f\u0131r.<span class=\"excerpt-hellip\"> [\u2026]<\/span><\/p>\n","protected":false},"author":1,"featured_media":0,"parent":0,"menu_order":0,"comment_status":"closed","ping_status":"open","template":"","meta":{"footnotes":""},"class_list":["post-3","page","type-page","status-publish","hentry"],"_links":{"self":[{"href":"https:\/\/erelektronik.com\/en\/wp-json\/wp\/v2\/pages\/3","targetHints":{"allow":["GET"]}}],"collection":[{"href":"https:\/\/erelektronik.com\/en\/wp-json\/wp\/v2\/pages"}],"about":[{"href":"https:\/\/erelektronik.com\/en\/wp-json\/wp\/v2\/types\/page"}],"author":[{"embeddable":true,"href":"https:\/\/erelektronik.com\/en\/wp-json\/wp\/v2\/users\/1"}],"replies":[{"embeddable":true,"href":"https:\/\/erelektronik.com\/en\/wp-json\/wp\/v2\/comments?post=3"}],"version-history":[{"count":3,"href":"https:\/\/erelektronik.com\/en\/wp-json\/wp\/v2\/pages\/3\/revisions"}],"predecessor-version":[{"id":512,"href":"https:\/\/erelektronik.com\/en\/wp-json\/wp\/v2\/pages\/3\/revisions\/512"}],"wp:attachment":[{"href":"https:\/\/erelektronik.com\/en\/wp-json\/wp\/v2\/media?parent=3"}],"curies":[{"name":"wp","href":"https:\/\/api.w.org\/{rel}","templated":true}]}}