{"id":100,"date":"2019-07-12T21:39:53","date_gmt":"2019-07-12T21:39:53","guid":{"rendered":"http:\/\/turhost.erelektronik.com\/?page_id=100"},"modified":"2021-03-31T13:44:02","modified_gmt":"2021-03-31T13:44:02","slug":"yol-aydinlatma-cozumleri","status":"publish","type":"page","link":"https:\/\/erelektronik.com\/en\/yol-aydinlatma-cozumleri\/","title":{"rendered":"Yol Ayd\u0131nlatma \u00c7\u00f6z\u00fcmleri"},"content":{"rendered":"","protected":false},"excerpt":{"rendered":"","protected":false},"author":4,"featured_media":0,"parent":0,"menu_order":0,"comment_status":"closed","ping_status":"closed","template":"","meta":{"footnotes":""},"class_list":["post-100","page","type-page","status-publish","hentry"],"_links":{"self":[{"href":"https:\/\/erelektronik.com\/en\/wp-json\/wp\/v2\/pages\/100","targetHints":{"allow":["GET"]}}],"collection":[{"href":"https:\/\/erelektronik.com\/en\/wp-json\/wp\/v2\/pages"}],"about":[{"href":"https:\/\/erelektronik.com\/en\/wp-json\/wp\/v2\/types\/page"}],"author":[{"embeddable":true,"href":"https:\/\/erelektronik.com\/en\/wp-json\/wp\/v2\/users\/4"}],"replies":[{"embeddable":true,"href":"https:\/\/erelektronik.com\/en\/wp-json\/wp\/v2\/comments?post=100"}],"version-history":[{"count":1,"href":"https:\/\/erelektronik.com\/en\/wp-json\/wp\/v2\/pages\/100\/revisions"}],"predecessor-version":[{"id":101,"href":"https:\/\/erelektronik.com\/en\/wp-json\/wp\/v2\/pages\/100\/revisions\/101"}],"wp:attachment":[{"href":"https:\/\/erelektronik.com\/en\/wp-json\/wp\/v2\/media?parent=100"}],"curies":[{"name":"wp","href":"https:\/\/api.w.org\/{rel}","templated":true}]}}